{"id":420,"date":"2022-07-11T09:19:35","date_gmt":"2022-07-11T07:19:35","guid":{"rendered":"https:\/\/pntte.its.waw.pl\/?page_id=420"},"modified":"2022-07-11T09:21:38","modified_gmt":"2022-07-11T07:21:38","slug":"fue-2017","status":"publish","type":"page","link":"https:\/\/pntte.org\/index.php\/fue-2017\/","title":{"rendered":"FUE 2017"},"content":{"rendered":"\n<p>Celem konferencji jest prezentacja osi\u0105gni\u0119\u0107, wymiana do\u015bwiadcze\u0144 oraz integracja zespo\u0142\u00f3w badawczych zajmuj\u0105cych si\u0119 fizyk\u0105 uszkodze\u0144 eksploatacyjnych oraz&nbsp;niezawodno\u015bci\u0105 maszyn, urz\u0105dze\u0144 mechanicznych i uk\u0142ad\u00f3w biomechanicznych. Wa\u017cnym obszarem tematycznym konferencji jest szeroko rozumiana aplikacja wiedzy z zakresu fizyki uszkodze\u0144 do praktyki in\u017cynierskiej zwi\u0105zanej z technik\u0105 oraz medycyn\u0105.<\/p>\n\n\n\n<p>Program konferencji obejmuje nast\u0119puj\u0105ce zagadnienia:<\/p>\n\n\n\n<ul class=\"wp-block-list\"><li>fizykalne podstawy uszkodze\u0144 uk\u0142ad\u00f3w mechanicznych i&nbsp;biomechanicznych,<\/li><li>modele proces\u00f3w degradacji,<\/li><li>analiza ryzyka w in\u017cynierii mechanicznej&nbsp;i biomedycznej,<\/li><li>metody bada\u0144 przyspieszonych,<\/li><li>programy edukacyjne w zakresie in\u017cynierii niezawodno\u015bci.<\/li><\/ul>\n\n\n<div class=\"wp-block-image\">\n<figure class=\"aligncenter size-full is-resized\"><a href=\"https:\/\/pntte.org\/wp-content\/uploads\/2022\/07\/fue-komunikat_2017.pdf\" target=\"_blank\" rel=\"noreferrer noopener\"><img loading=\"lazy\" decoding=\"async\" src=\"https:\/\/pntte.org\/wp-content\/uploads\/2022\/06\/ikonka_pdf-e1652944238868.webp\" alt=\"\" class=\"wp-image-217\" width=\"54\" height=\"54\"\/><\/a><figcaption>Komunikat<\/figcaption><\/figure>\n<\/div>","protected":false},"excerpt":{"rendered":"<p>Celem konferencji jest prezentacja osi\u0105gni\u0119\u0107, wymiana do\u015bwiadcze\u0144 oraz integracja zespo\u0142\u00f3w badawczych zajmuj\u0105cych si\u0119 fizyk\u0105 uszkodze\u0144 eksploatacyjnych oraz&nbsp;niezawodno\u015bci\u0105 maszyn, urz\u0105dze\u0144 mechanicznych i uk\u0142ad\u00f3w biomechanicznych. Wa\u017cnym obszarem tematycznym konferencji jest szeroko rozumiana aplikacja wiedzy z zakresu fizyki uszkodze\u0144 do praktyki in\u017cynierskiej zwi\u0105zanej z technik\u0105 oraz medycyn\u0105. Program konferencji obejmuje nast\u0119puj\u0105ce zagadnienia: fizykalne podstawy uszkodze\u0144 uk\u0142ad\u00f3w mechanicznych i&nbsp;biomechanicznych, [&hellip;]<\/p>\n","protected":false},"author":2,"featured_media":0,"parent":0,"menu_order":0,"comment_status":"closed","ping_status":"closed","template":"","meta":{"footnotes":""},"class_list":["post-420","page","type-page","status-publish","hentry"],"_links":{"self":[{"href":"https:\/\/pntte.org\/index.php\/wp-json\/wp\/v2\/pages\/420","targetHints":{"allow":["GET"]}}],"collection":[{"href":"https:\/\/pntte.org\/index.php\/wp-json\/wp\/v2\/pages"}],"about":[{"href":"https:\/\/pntte.org\/index.php\/wp-json\/wp\/v2\/types\/page"}],"author":[{"embeddable":true,"href":"https:\/\/pntte.org\/index.php\/wp-json\/wp\/v2\/users\/2"}],"replies":[{"embeddable":true,"href":"https:\/\/pntte.org\/index.php\/wp-json\/wp\/v2\/comments?post=420"}],"version-history":[{"count":2,"href":"https:\/\/pntte.org\/index.php\/wp-json\/wp\/v2\/pages\/420\/revisions"}],"predecessor-version":[{"id":423,"href":"https:\/\/pntte.org\/index.php\/wp-json\/wp\/v2\/pages\/420\/revisions\/423"}],"wp:attachment":[{"href":"https:\/\/pntte.org\/index.php\/wp-json\/wp\/v2\/media?parent=420"}],"curies":[{"name":"wp","href":"https:\/\/api.w.org\/{rel}","templated":true}]}}