{"id":409,"date":"2022-07-11T09:02:52","date_gmt":"2022-07-11T07:02:52","guid":{"rendered":"https:\/\/pntte.its.waw.pl\/?page_id=409"},"modified":"2026-01-02T14:04:41","modified_gmt":"2026-01-02T13:04:41","slug":"ekspertyzy","status":"publish","type":"page","link":"https:\/\/pntte.org\/index.php\/ekspertyzy\/","title":{"rendered":"Ekspertyzy"},"content":{"rendered":"\n<p>Nasi cz\u0142onkowie wykonuj\u0105 w zakresie eksploatacji obiekt\u00f3w technicznych:<br><strong>Ekspertyzy i opinie techniczne<\/strong><\/p>\n\n\n\n<p>\u2013 w dziedzinie budowy maszyn i urz\u0105dze\u0144, budownictwa drogowego i og\u00f3lnego, transportu, pojazd\u00f3w samochodowych i energetyki.<br>R\u00f3wnie\u017c wykonujemy ekspertyzy i opinie techniczne z udzia\u0142em firm akredytowanych i rekomendowanych przez PNTTE, jak na przyk\u0142ad:<\/p>\n\n\n\n<p>\u2013 ekspertyzy i opinie techniczne w dziedzinie ochrony przeciwpo\u017carowej taboru kolejowego (firma AFK International)<br>nasi g\u0142\u00f3wni Klienci to:<br>\u2013 ALSTOM (Barcelona i Chorz\u00f3w),<br>\u2013 BOMBARDIER (Mannheim i Wroc\u0142aw),<br>\u2013 Pojazdy Szynowe PESA Bydgoszcz,<br>\u2013 Pozna\u0144skie Zak\u0142ady Naprawcze Taboru Kolejowego<br>oraz<br>\u2013 SIEMENS.<\/p>\n\n\n\n<p>\u2013 ekspertyzy i opinie techniczne w dziedzinie zarz\u0105dzania infrastruktur\u0105 techniczn\u0105 oraz eksploatacji innych obiekt\u00f3w i system\u00f3w technicznych (firma Wektory gospodarki).<\/p>\n","protected":false},"excerpt":{"rendered":"<p>Nasi cz\u0142onkowie wykonuj\u0105 w zakresie eksploatacji obiekt\u00f3w technicznych:Ekspertyzy i opinie techniczne \u2013 w dziedzinie budowy maszyn i urz\u0105dze\u0144, budownictwa drogowego i og\u00f3lnego, transportu, pojazd\u00f3w samochodowych i energetyki.R\u00f3wnie\u017c wykonujemy ekspertyzy i opinie techniczne z udzia\u0142em firm akredytowanych i rekomendowanych przez PNTTE, jak na przyk\u0142ad: \u2013 ekspertyzy i opinie techniczne w dziedzinie ochrony przeciwpo\u017carowej taboru kolejowego (firma [&hellip;]<\/p>\n","protected":false},"author":2,"featured_media":0,"parent":0,"menu_order":0,"comment_status":"closed","ping_status":"closed","template":"","meta":{"footnotes":""},"class_list":["post-409","page","type-page","status-publish","hentry"],"_links":{"self":[{"href":"https:\/\/pntte.org\/index.php\/wp-json\/wp\/v2\/pages\/409","targetHints":{"allow":["GET"]}}],"collection":[{"href":"https:\/\/pntte.org\/index.php\/wp-json\/wp\/v2\/pages"}],"about":[{"href":"https:\/\/pntte.org\/index.php\/wp-json\/wp\/v2\/types\/page"}],"author":[{"embeddable":true,"href":"https:\/\/pntte.org\/index.php\/wp-json\/wp\/v2\/users\/2"}],"replies":[{"embeddable":true,"href":"https:\/\/pntte.org\/index.php\/wp-json\/wp\/v2\/comments?post=409"}],"version-history":[{"count":3,"href":"https:\/\/pntte.org\/index.php\/wp-json\/wp\/v2\/pages\/409\/revisions"}],"predecessor-version":[{"id":1379,"href":"https:\/\/pntte.org\/index.php\/wp-json\/wp\/v2\/pages\/409\/revisions\/1379"}],"wp:attachment":[{"href":"https:\/\/pntte.org\/index.php\/wp-json\/wp\/v2\/media?parent=409"}],"curies":[{"name":"wp","href":"https:\/\/api.w.org\/{rel}","templated":true}]}}