{"id":381,"date":"2022-07-11T08:29:58","date_gmt":"2022-07-11T06:29:58","guid":{"rendered":"https:\/\/pntte.its.waw.pl\/?page_id=381"},"modified":"2026-01-02T12:53:19","modified_gmt":"2026-01-02T11:53:19","slug":"wydawnictwo-ein","status":"publish","type":"page","link":"https:\/\/pntte.org\/index.php\/wydawnictwo-ein\/","title":{"rendered":"Wydawnictwo EiN"},"content":{"rendered":"<div class=\"wp-block-image\">\n<figure class=\"aligncenter size-medium is-resized\"><a href=\"http:\/\/www.ein.org.pl\/\" target=\"_blank\" rel=\"noreferrer noopener\"><img loading=\"lazy\" decoding=\"async\" width=\"212\" height=\"300\" src=\"https:\/\/pntte.org\/wp-content\/uploads\/2022\/12\/okladka-EiN-212x300.jpg\" alt=\"\" class=\"wp-image-535\" style=\"width:259px\" srcset=\"https:\/\/pntte.org\/wp-content\/uploads\/2022\/12\/okladka-EiN-212x300.jpg 212w, https:\/\/pntte.org\/wp-content\/uploads\/2022\/12\/okladka-EiN-724x1024.jpg 724w, https:\/\/pntte.org\/wp-content\/uploads\/2022\/12\/okladka-EiN-768x1086.jpg 768w, https:\/\/pntte.org\/wp-content\/uploads\/2022\/12\/okladka-EiN-1086x1536.jpg 1086w, https:\/\/pntte.org\/wp-content\/uploads\/2022\/12\/okladka-EiN.jpg 1414w\" sizes=\"auto, (max-width: 212px) 100vw, 212px\" \/><\/a><\/figure>\n<\/div>\n\n\n<p class=\"has-text-align-center\"><strong>Adres do korespondencji:<\/strong><br>\u201eEksploatacja i Niezawodno\u015b\u0107 \u2013 Maintenance and Reliability\u201d<br>Redaktor Naczelny: <strong>dr hab. in\u017c. Jaros\u0142aw Selech<\/strong><br>Politechnika Pozna\u0144ska, Wydzia\u0142 In\u017cynierii L\u0105dowej i Transportu<br>tel. 61 665 22 27<br>e-mail: <a href=\"mailto:jaroslaw.selech@put.poznan.pl\" data-type=\"mailto\" data-id=\"mailto:jaroslaw.selech@put.poznan.pl\" target=\"_blank\" rel=\"noreferrer noopener\">jaroslaw.selech@put.poznan.pl<\/a><\/p>\n","protected":false},"excerpt":{"rendered":"<p>Adres do korespondencji:\u201eEksploatacja i Niezawodno\u015b\u0107 \u2013 Maintenance and Reliability\u201dRedaktor Naczelny: dr hab. in\u017c. Jaros\u0142aw SelechPolitechnika Pozna\u0144ska, Wydzia\u0142 In\u017cynierii L\u0105dowej i Transportutel. 61 665 22 27e-mail: jaroslaw.selech@put.poznan.pl<\/p>\n","protected":false},"author":2,"featured_media":0,"parent":0,"menu_order":0,"comment_status":"closed","ping_status":"closed","template":"","meta":{"footnotes":""},"class_list":["post-381","page","type-page","status-publish","hentry"],"_links":{"self":[{"href":"https:\/\/pntte.org\/index.php\/wp-json\/wp\/v2\/pages\/381","targetHints":{"allow":["GET"]}}],"collection":[{"href":"https:\/\/pntte.org\/index.php\/wp-json\/wp\/v2\/pages"}],"about":[{"href":"https:\/\/pntte.org\/index.php\/wp-json\/wp\/v2\/types\/page"}],"author":[{"embeddable":true,"href":"https:\/\/pntte.org\/index.php\/wp-json\/wp\/v2\/users\/2"}],"replies":[{"embeddable":true,"href":"https:\/\/pntte.org\/index.php\/wp-json\/wp\/v2\/comments?post=381"}],"version-history":[{"count":12,"href":"https:\/\/pntte.org\/index.php\/wp-json\/wp\/v2\/pages\/381\/revisions"}],"predecessor-version":[{"id":1377,"href":"https:\/\/pntte.org\/index.php\/wp-json\/wp\/v2\/pages\/381\/revisions\/1377"}],"wp:attachment":[{"href":"https:\/\/pntte.org\/index.php\/wp-json\/wp\/v2\/media?parent=381"}],"curies":[{"name":"wp","href":"https:\/\/api.w.org\/{rel}","templated":true}]}}