{"id":374,"date":"2022-07-06T14:00:45","date_gmt":"2022-07-06T12:00:45","guid":{"rendered":"https:\/\/pntte.its.waw.pl\/?page_id=374"},"modified":"2022-07-06T14:01:30","modified_gmt":"2022-07-06T12:01:30","slug":"efnms","status":"publish","type":"page","link":"https:\/\/pntte.org\/index.php\/efnms\/","title":{"rendered":"EFNMS"},"content":{"rendered":"\n<p>Europejska Federacja Narodowych Towarzystw Eksploatacyjnych the European Federation of National Maintenance Societies<\/p>\n\n\n\n<p>Polskie Naukowo-Techniczne Towarzystwo Eksploatacyjne jest aktywnym cz\u0142onkiem Europejskiej Federacji Narodowych Towarzystw Eksploatacyjnych (EFNMS) od 2005 roku.<br><br>EFNMS jest organizacj\u0105 non-profit, kt\u00f3rej celem jest doskonalenie metod eksploatacji obiekt\u00f3w technicznych w Europie dla wsp\u00f3lnych korzy\u015bci kraj\u00f3w cz\u0142onkowskich i ich obywateli. Federacja zosta\u0142a za\u0142o\u017cona w roku 1970 przez przedstawicieli pi\u0119ciu towarzystw narodowych \u2013 Francji, Wielkiej Brytanii, Norwegii, Szwecji i Holandii. Obecnie cz\u0142onkami EFNMS s\u0105 przedstawiciele 23 Towarzystw Narodowych: Belgia, Hiszpania, Francja, W\u0142ochy, Portugalia, Czechy, Dania, Serbia, S\u0142owenia, Szwajcaria, Islandia, Chorwacja, Grecja, Litwa, Austria, Norwegia, Holandia, W\u0119gry, Polska, Finlandia, S\u0142owacja, Szwecja, Niemcy.<br>EFNMS jest uznawane za wiod\u0105c\u0105 europejsk\u0105 sie\u0107 wiedzy i do\u015bwiadczenia w obszarze eksploatacji oraz zarz\u0105dzania aktywami fizycznymi. Misj\u0105 organizacji jest rozw\u00f3j specjalist\u00f3w z obszaru utrzymania ruchu, zwi\u0119kszanie innowacyjno\u015bci proces\u00f3w eksploatacyjnych oraz podnoszenie \u015bwiadomo\u015bci znaczenia strategii eksploatacyjnych i zarz\u0105dzania aktywami w funkcjonowaniu przedsi\u0119biorstw. Federacja prowadzi szkolenia i konsultacje dla mened\u017cer\u00f3w i in\u017cynier\u00f3w w zakresie eksploatacji system\u00f3w technicznych, opracowuje nowe normy dotycz\u0105ce zarz\u0105dzania aktywami i eksploatacji oraz nadaje Europejski Certyfikat Eksperta Eksploatacji.<br><br>W ramach organizacji funkcjonuj\u0105 grupy robocze, w sk\u0142ad kt\u00f3rych wchodzi\u0107 mog\u0105 przedstawiciele cz\u0142onkowskich Towarzystw Narodowych. Obecnie w strukturach Federacji pracuje 5 komitet\u00f3w roboczych, zajmuj\u0105cych si\u0119 kwestiami zwi\u0105zanymi ze szkoleniami, certyfikacj\u0105, ale r\u00f3wnie\u017c zdrowiem, bezpiecze\u0144stwem i ochron\u0105 \u015brodowiska w ramach proces\u00f3w eksploatacyjnych. EFNMS administrowana jest przez Zarz\u0105d, w kt\u00f3rym ka\u017cdy kraj cz\u0142onkowski posiada jednego pe\u0142noprawnego reprezentanta. Od 2016 roku Polskie Naukowo-Techniczne Towarzystwo Eksploatacyjne jest reprezentowane przez dr hab. Agnieszk\u0119 Tubis, cz\u0142onka zarz\u0105du PNTTE. Przedstawicielka PNTTE jest r\u00f3wnie\u017c cz\u0142onkiem zespo\u0142u ekspert\u00f3w zajmuj\u0105cych si\u0119 rozwojem wiedzy w obszarze \u201eMaintenance Management\u201d.<\/p>\n","protected":false},"excerpt":{"rendered":"<p>Europejska Federacja Narodowych Towarzystw Eksploatacyjnych the European Federation of National Maintenance Societies Polskie Naukowo-Techniczne Towarzystwo Eksploatacyjne jest aktywnym cz\u0142onkiem Europejskiej Federacji Narodowych Towarzystw Eksploatacyjnych (EFNMS) od 2005 roku. EFNMS jest organizacj\u0105 non-profit, kt\u00f3rej celem jest doskonalenie metod eksploatacji obiekt\u00f3w technicznych w Europie dla wsp\u00f3lnych korzy\u015bci kraj\u00f3w cz\u0142onkowskich i ich obywateli. Federacja zosta\u0142a za\u0142o\u017cona w roku [&hellip;]<\/p>\n","protected":false},"author":2,"featured_media":0,"parent":0,"menu_order":0,"comment_status":"closed","ping_status":"closed","template":"","meta":{"footnotes":""},"class_list":["post-374","page","type-page","status-publish","hentry"],"_links":{"self":[{"href":"https:\/\/pntte.org\/index.php\/wp-json\/wp\/v2\/pages\/374","targetHints":{"allow":["GET"]}}],"collection":[{"href":"https:\/\/pntte.org\/index.php\/wp-json\/wp\/v2\/pages"}],"about":[{"href":"https:\/\/pntte.org\/index.php\/wp-json\/wp\/v2\/types\/page"}],"author":[{"embeddable":true,"href":"https:\/\/pntte.org\/index.php\/wp-json\/wp\/v2\/users\/2"}],"replies":[{"embeddable":true,"href":"https:\/\/pntte.org\/index.php\/wp-json\/wp\/v2\/comments?post=374"}],"version-history":[{"count":2,"href":"https:\/\/pntte.org\/index.php\/wp-json\/wp\/v2\/pages\/374\/revisions"}],"predecessor-version":[{"id":377,"href":"https:\/\/pntte.org\/index.php\/wp-json\/wp\/v2\/pages\/374\/revisions\/377"}],"wp:attachment":[{"href":"https:\/\/pntte.org\/index.php\/wp-json\/wp\/v2\/media?parent=374"}],"curies":[{"name":"wp","href":"https:\/\/api.w.org\/{rel}","templated":true}]}}