{"id":237,"date":"2022-06-27T13:30:20","date_gmt":"2022-06-27T11:30:20","guid":{"rendered":"https:\/\/pntte.its.waw.pl\/?page_id=237"},"modified":"2023-04-03T14:06:31","modified_gmt":"2023-04-03T12:06:31","slug":"organizacja","status":"publish","type":"page","link":"https:\/\/pntte.org\/index.php\/organizacja\/","title":{"rendered":"Organizacja"},"content":{"rendered":"\n<p>Polskie Naukowo -Techniczne Towarzystwo Eksploatacyjne jest niezale\u017cnym stowarzyszeniem skupiaj\u0105cym specjalist\u00f3w z obszaru nauki i przemys\u0142u. Statutowym celem Towarzystwa jest rozwijanie i propagowanie wiedzy oraz osi\u0105gni\u0119\u0107 praktycznych w zakresie eksploatacji maszyn, urz\u0105dze\u0144, budynk\u00f3w i budowli, w obszarze techniki, organizacji i ekonomiki ze szczeg\u00f3lnym uwzgl\u0119dnieniem problem\u00f3w bezpiecze\u0144stwa i ochrony \u015brodowiska.<\/p>\n\n\n\n<p><strong>Zapraszamy do wsp\u00f3\u0142pracy.<br><\/strong>Dzia\u0142alno\u015b\u0107 opiera si\u0119 na pracy w komisjach regionalnych i tematycznych.<\/p>\n","protected":false},"excerpt":{"rendered":"<p>Polskie Naukowo -Techniczne Towarzystwo Eksploatacyjne jest niezale\u017cnym stowarzyszeniem skupiaj\u0105cym specjalist\u00f3w z obszaru nauki i przemys\u0142u. Statutowym celem Towarzystwa jest rozwijanie i propagowanie wiedzy oraz osi\u0105gni\u0119\u0107 praktycznych w zakresie eksploatacji maszyn, urz\u0105dze\u0144, budynk\u00f3w i budowli, w obszarze techniki, organizacji i ekonomiki ze szczeg\u00f3lnym uwzgl\u0119dnieniem problem\u00f3w bezpiecze\u0144stwa i ochrony \u015brodowiska. Zapraszamy do wsp\u00f3\u0142pracy.Dzia\u0142alno\u015b\u0107 opiera si\u0119 na pracy [&hellip;]<\/p>\n","protected":false},"author":1,"featured_media":0,"parent":0,"menu_order":0,"comment_status":"closed","ping_status":"closed","template":"","meta":{"footnotes":""},"class_list":["post-237","page","type-page","status-publish","hentry"],"_links":{"self":[{"href":"https:\/\/pntte.org\/index.php\/wp-json\/wp\/v2\/pages\/237","targetHints":{"allow":["GET"]}}],"collection":[{"href":"https:\/\/pntte.org\/index.php\/wp-json\/wp\/v2\/pages"}],"about":[{"href":"https:\/\/pntte.org\/index.php\/wp-json\/wp\/v2\/types\/page"}],"author":[{"embeddable":true,"href":"https:\/\/pntte.org\/index.php\/wp-json\/wp\/v2\/users\/1"}],"replies":[{"embeddable":true,"href":"https:\/\/pntte.org\/index.php\/wp-json\/wp\/v2\/comments?post=237"}],"version-history":[{"count":2,"href":"https:\/\/pntte.org\/index.php\/wp-json\/wp\/v2\/pages\/237\/revisions"}],"predecessor-version":[{"id":370,"href":"https:\/\/pntte.org\/index.php\/wp-json\/wp\/v2\/pages\/237\/revisions\/370"}],"wp:attachment":[{"href":"https:\/\/pntte.org\/index.php\/wp-json\/wp\/v2\/media?parent=237"}],"curies":[{"name":"wp","href":"https:\/\/api.w.org\/{rel}","templated":true}]}}